{"id":770,"date":"2018-06-26T05:53:11","date_gmt":"2018-06-26T05:53:11","guid":{"rendered":"https:\/\/themes.themegoods.com\/hoteller\/beach\/?page_id=770"},"modified":"2022-09-02T15:10:30","modified_gmt":"2022-09-02T13:10:30","slug":"terms-and-conditions","status":"publish","type":"page","link":"https:\/\/handioasis-corsica.com\/fr\/terms-and-conditions\/","title":{"rendered":"CGV"},"content":{"rendered":"\t\t<div data-elementor-type=\"wp-post\" data-elementor-id=\"770\" class=\"elementor elementor-770\">\n\t\t\t\t\t\t<section class=\"elementor-section elementor-top-section elementor-element elementor-element-c8d681f elementor-section-boxed elementor-section-height-default elementor-section-height-default\" data-id=\"c8d681f\" data-element_type=\"section\" data-settings=\"{&quot;hoteller_ext_is_background_parallax&quot;:&quot;false&quot;,&quot;hoteller_ext_is_background_backdrop&quot;:&quot;false&quot;,&quot;hoteller_ext_is_background_on_scroll&quot;:&quot;false&quot;}\">\n\t\t\t\t\t\t<div class=\"elementor-container elementor-column-gap-default\">\n\t\t\t\t\t<div class=\"elementor-column elementor-col-100 elementor-top-column elementor-element elementor-element-03a5609\" data-id=\"03a5609\" data-element_type=\"column\" data-settings=\"{&quot;hoteller_ext_link_sidemenu&quot;:&quot;false&quot;,&quot;hoteller_ext_link_fullmenu&quot;:&quot;false&quot;,&quot;hoteller_ext_link_closed_fullmenu&quot;:&quot;false&quot;,&quot;hoteller_ext_is_scrollme&quot;:&quot;false&quot;,&quot;hoteller_ext_is_smoove&quot;:&quot;false&quot;,&quot;hoteller_ext_is_parallax_mouse&quot;:&quot;false&quot;,&quot;hoteller_ext_is_infinite&quot;:&quot;false&quot;,&quot;hoteller_ext_is_fadeout_animation&quot;:&quot;false&quot;,&quot;hoteller_ext_mobile_static&quot;:&quot;false&quot;}\">\n\t\t\t<div class=\"elementor-widget-wrap elementor-element-populated\">\n\t\t\t\t\t\t<div class=\"elementor-element elementor-element-4673d16 elementor-widget elementor-widget-text-editor\" data-id=\"4673d16\" data-element_type=\"widget\" data-settings=\"{&quot;hoteller_ext_link_sidemenu&quot;:&quot;false&quot;,&quot;hoteller_ext_link_fullmenu&quot;:&quot;false&quot;,&quot;hoteller_ext_link_closed_fullmenu&quot;:&quot;false&quot;,&quot;hoteller_ext_is_scrollme&quot;:&quot;false&quot;,&quot;hoteller_ext_is_smoove&quot;:&quot;false&quot;,&quot;hoteller_ext_is_parallax_mouse&quot;:&quot;false&quot;,&quot;hoteller_ext_is_infinite&quot;:&quot;false&quot;,&quot;hoteller_ext_is_fadeout_animation&quot;:&quot;false&quot;,&quot;hoteller_ext_mobile_static&quot;:&quot;false&quot;}\" data-widget_type=\"text-editor.default\">\n\t\t\t\t<div class=\"elementor-widget-container\">\n\t\t\t\t\t\t\t\t\t<h1>Conditions g\u00e9n\u00e9rales de vente des s\u00e9jours en chambre d\u2019h\u00f4tes<\/h1><div><h2>Pr\u00e9ambule<\/h2><\/div><p>HANDIOASIS CORSICA est une maison d&#8217;h\u00f4tes \u00e0 Lieu dit Camellu , route de Calenzana 20214 Calenzana, g\u00e9r\u00e9e par la soci\u00e9t\u00e9 YOOLA SAS, soci\u00e9t\u00e9 immatricul\u00e9 au RCS Nanterre sous le num\u00e9ro 510 807 464 dont le si\u00e8ge est situ\u00e9 14 rue de Mantes, 92700 Colombes. YOOLA est une agence de voyage immatricul\u00e9 aupr\u00e8s de Atout France sous le num\u00e9ro\u00a0IM075110275<\/p><div><h2>Article 1 \/ Dur\u00e9e du s\u00e9jour<\/h2><p>Le client signataire du pr\u00e9sent contrat conclu pour une dur\u00e9e d\u00e9termin\u00e9e ne pourra en aucune circonstance se pr\u00e9valoir d\u2019un quelconque droit au maintien dans les lieux.<\/p><h2>Article 2 \/ Formalit\u00e9s de r\u00e9servation<\/h2><p>Apr\u00e8s r\u00e9ception de votre r\u00e9servation, nous vous adressons par courriel une confirmation \u00e9crite et vous invitons \u00e0 r\u00e9gler dans un d\u00e9lai maximum de 72h (mais plus rapidement s\u2019il s\u2019agit d\u2019une r\u00e9servation effectu\u00e9e avec un pr\u00e9avis moindre) un acompte de 40% de la r\u00e9servation. Une fois cet acompte re\u00e7u, la r\u00e9servation devient ferme. Par le r\u00e8glement de l\u2019acompte, vous confirmez votre accord plein et entier avec les conditions g\u00e9n\u00e9rales sp\u00e9cifi\u00e9es ci-apr\u00e8s. Merci de bien vouloir noter que sans le versement de l\u2019acompte dans le d\u00e9lai imparti, la r\u00e9servation n\u2019est pas confirm\u00e9e et que, en cons\u00e9quence, nous nous r\u00e9servons le droit de r\u00e9cup\u00e9rer les chambres.<\/p><h2>Article 3 \/ Annulation du s\u00e9jour par le client<\/h2><p>Toute modification n\u2019est possible qu\u2019apr\u00e8s l\u2019accord de \u00ab YOOLA SAS \u00bb et peut entra\u00eener des frais suppl\u00e9mentaires.<br \/>Nous vous informons qu\u2019en cas d\u2019annulation de la r\u00e9servation avant le d\u00e9but du s\u00e9jour, il sera d\u00fb, \u00e0 titre de clause p\u00e9nale par le client, une indemnit\u00e9 fix\u00e9e de la fa\u00e7on suivante :<br \/>\u2013 \u00e0 partir de la date de la r\u00e9servation l&#8217;acompte est non remboursable<br \/>\u2013 si l\u2019annulation intervient moins de 45 jours avant la date d\u2019arriv\u00e9e, la totalit\u00e9 du paiement restera acquise \u00e0 \u00ab YOOLA SAS \u00bb.<br \/>En cas de d\u00e9part anticip\u00e9 en cours de s\u00e9jour : r\u00e8glement total de la prestation r\u00e9serv\u00e9e.<\/p><h2>Article 4 \/ Assurances<\/h2><p>Nous attirons votre attention sur le fait que l&#8217;assurance Assistance-Rapatriement est obligatoire, lors de votre r\u00e9servation \u00e0 HANDIOASIS Corsica, nous vous proposerons une assurance assistance-rapatriement automatique via notre agence de voyage YOOLA. En plus de cette assurance, une assurance Multirisques facultative sera propos\u00e9e lors de votre r\u00e9servation.<\/p><h2>Article 5 \/ Annulation du s\u00e9jour par le propri\u00e9taire<\/h2><p>Si, avant le d\u00e9but du s\u00e9jour, le propri\u00e9taire est amen\u00e9 \u00e0 annuler la r\u00e9servation, il doit aussit\u00f4t en informer son client par courrier \u00e9lectronique avec accus\u00e9 de r\u00e9ception. Le client sera alors imm\u00e9diatement et int\u00e9gralement rembours\u00e9 des sommes qu\u2019il aura d\u00e9j\u00e0 vers\u00e9es.<\/p><h2>Article 6 \/ Heure d\u2019arriv\u00e9e<\/h2><p>Les transferts a\u00e9roports sont inclus lors de la r\u00e9servation, afin d&#8217;assurer l&#8217;accueil et le transport du client, celui-ci doit indiquer son horaire d&#8217;arriv\u00e9e et son num\u00e9ro de vol, de pr\u00e9f\u00e9rence, le client fera son maximum pour organiser son arriv\u00e9e en 14h et 20h. Si le client arrive avant 7h du matin ou apr\u00e8s 20h le soir, un suppl\u00e9ment de 20\u20ac sera factur\u00e9. Les chambres sont disponibles \u00e0 partir de 14h le jour de l&#8217;arriv\u00e9e<\/p><h2>Article 7 \/ Heure de d\u00e9part<\/h2><p>Les transferts a\u00e9roports sont inclus lors de la r\u00e9servation, afin d&#8217;assurer l&#8217;enregistrement et le transport du client, celui-ci doit indiquer son horaire de d\u00e9part et son num\u00e9ro de vol, de pr\u00e9f\u00e9rence, le client fera son maximum pour organiser son d\u00e9part en 7h et 13h. Si le client repart avant 7h du matin ou apr\u00e8s 20h le soir, un suppl\u00e9ment de 20\u20ac sera factur\u00e9. Les chambres doivent \u00eatre lib\u00e9r\u00e9 \u00e0 10h le matin du d\u00e9part.<\/p><h2>Article 8 \/ R\u00e8glement du solde de l\u2019h\u00e9bergement<\/h2><p>Le solde du s\u00e9jour est \u00e0 r\u00e9gler 40 jours avant l&#8217;arriv\u00e9e. Les taxes de s\u00e9jours, 2,60\u20ac par adulte et par nuit sont \u00e0 r\u00e9gler sur place. Les repas et les consommations seront r\u00e9gl\u00e9s sur place la veille du d\u00e9part \u00e0 l&#8217;initiative du client.<\/p><h2>Article 10 \/ Changement de chambres<\/h2><p>Sans que le client ne puisse se pr\u00e9valoir d\u2019aucune indemnit\u00e9, le propri\u00e9taire se r\u00e9serve la possibilit\u00e9 de changer la chambre initialement r\u00e9serv\u00e9e par le client par une chambre de m\u00eame capacit\u00e9 ou de capacit\u00e9 sup\u00e9rieure. En pareil cas, le co\u00fbt de la r\u00e9servation reste inchang\u00e9.<\/p><h2>Article 11 \/ Animaux de compagnie<\/h2><p>Les animaux de compagnie ne sont pas autoris\u00e9s. Par d\u00e9rogation, les animaux de compagnie de petite taille sont accept\u00e9s, mais uniquement dans la chambre du rez-de-chauss\u00e9e. Les chiens d&#8217;assistances ne sont pas autoris\u00e9 dans la maison d&#8217;h\u00f4tes pour des raisons sanitaires.<\/p><h2>Article 12 \/ Art de vivre et utilisation des lieux<\/h2><p>Afin de garantir la qui\u00e9tude des lieux et le confort des h\u00f4tes de HANDIOASIS, le respect d\u2019un certain \u00ab art de vivre \u00bb est exig\u00e9 de tous. Il est notamment demand\u00e9 de ne pas fumer \u00e0 l\u2019int\u00e9rieur des chambres et des espaces communs. Le client s\u2019engage plus g\u00e9n\u00e9ralement \u00e0 respecter les consignes de savoir-vivre qui lui seront indiqu\u00e9es, celles qui s\u2019imposent \u00e0 tous d\u00e8s lors qu\u2019on vit en communaut\u00e9 et les pr\u00e9sentes conditions g\u00e9n\u00e9rales de vente.<\/p><p>Le client s\u2019engage \u00e0 rendre les chambres en parfait \u00e9tat \u00e0 la fin du s\u00e9jour et \u00e0 d\u00e9clarer syst\u00e9matiquement \u2013 et \u00e0 assumer financi\u00e8rement \u2013 toute d\u00e9gradation dont il serait responsable. Il est pr\u00e9cis\u00e9 que la cuisine dont dispose la maison n\u2019est pas laiss\u00e9e \u00e0 la libre disposition des h\u00f4tes.<\/p><p>L\u2019attention des h\u00f4tes est attir\u00e9e sur le fait que les mineurs \u00e9voluant sur la propri\u00e9t\u00e9 sont plac\u00e9s sous l\u2019unique et enti\u00e8re responsabilit\u00e9 de leurs parents ou des personnes ayant autorit\u00e9 sur eux.<\/p><p>HANDIOASIS n\u2019acceptera aucune responsabilit\u00e9 en cas de perte, de vol et\/ou de dommages ou de blessures caus\u00e9s aux biens et\/ou aux personnes se trouvant sur la propri\u00e9t\u00e9, et ce quelle qu\u2019en soit la cause.<\/p><h2>Article 13 \/ Modification des conditions de vente<\/h2><p>Les pr\u00e9sentes conditions de vente sont modifiables \u00e0 tout moment et sans pr\u00e9avis. L\u2019acceptation et le respect de ces conditions de vente sont r\u00e9put\u00e9s acquis aussit\u00f4t l\u2019acompte vers\u00e9.<\/p><\/div>\t\t\t\t\t\t\t\t<\/div>\n\t\t\t\t<\/div>\n\t\t\t\t\t<\/div>\n\t\t<\/div>\n\t\t\t\t\t<\/div>\n\t\t<\/section>\n\t\t\t\t<\/div>\n\t\t","protected":false},"excerpt":{"rendered":"<p>Conditions g\u00e9n\u00e9rales de vente des s\u00e9jours en chambre d\u2019h\u00f4tes Pr\u00e9ambule HANDIOASIS CORSICA est une maison d&#8217;h\u00f4tes \u00e0 Lieu dit Camellu , route de Calenzana 20214 Calenzana, g\u00e9r\u00e9e par la soci\u00e9t\u00e9 YOOLA SAS, soci\u00e9t\u00e9 immatricul\u00e9 au RCS Nanterre sous le num\u00e9ro [&hellip;]<\/p>\n","protected":false},"author":1,"featured_media":0,"parent":0,"menu_order":0,"comment_status":"closed","ping_status":"closed","template":"page-r.php","meta":{"footnotes":""},"class_list":["post-770","page","type-page","status-publish","hentry"],"aioseo_notices":[],"_links":{"self":[{"href":"https:\/\/handioasis-corsica.com\/fr\/wp-json\/wp\/v2\/pages\/770","targetHints":{"allow":["GET"]}}],"collection":[{"href":"https:\/\/handioasis-corsica.com\/fr\/wp-json\/wp\/v2\/pages"}],"about":[{"href":"https:\/\/handioasis-corsica.com\/fr\/wp-json\/wp\/v2\/types\/page"}],"author":[{"embeddable":true,"href":"https:\/\/handioasis-corsica.com\/fr\/wp-json\/wp\/v2\/users\/1"}],"replies":[{"embeddable":true,"href":"https:\/\/handioasis-corsica.com\/fr\/wp-json\/wp\/v2\/comments?post=770"}],"version-history":[{"count":10,"href":"https:\/\/handioasis-corsica.com\/fr\/wp-json\/wp\/v2\/pages\/770\/revisions"}],"predecessor-version":[{"id":3858,"href":"https:\/\/handioasis-corsica.com\/fr\/wp-json\/wp\/v2\/pages\/770\/revisions\/3858"}],"wp:attachment":[{"href":"https:\/\/handioasis-corsica.com\/fr\/wp-json\/wp\/v2\/media?parent=770"}],"curies":[{"name":"wp","href":"https:\/\/api.w.org\/{rel}","templated":true}]}}